{"id":2512,"date":"2025-08-26T10:35:01","date_gmt":"2025-08-26T15:35:01","guid":{"rendered":"https:\/\/agrocostaperu.com\/site\/?page_id=2512"},"modified":"2025-08-29T09:09:08","modified_gmt":"2025-08-29T14:09:08","slug":"procesos","status":"publish","type":"page","link":"https:\/\/agrocostaperu.com\/en\/procesos\/","title":{"rendered":"Processes"},"content":{"rendered":"<div data-elementor-type=\"wp-page\" data-elementor-id=\"2512\" class=\"elementor elementor-2512\">\n\t\t\t\t<div class=\"elementor-element elementor-element-17606f8 e-flex e-con-boxed lakit-col-width-auto-no e-container e-root-container elementor-top-section e-con e-parent\" data-id=\"17606f8\" data-element_type=\"container\" data-settings=\"{&quot;background_background&quot;:&quot;classic&quot;,&quot;background_motion_fx_translateY_effect&quot;:&quot;yes&quot;,&quot;background_motion_fx_devices&quot;:[],&quot;background_motion_fx_translateY_speed&quot;:{&quot;unit&quot;:&quot;px&quot;,&quot;size&quot;:3,&quot;sizes&quot;:[]},&quot;background_motion_fx_translateY_affectedRange&quot;:{&quot;unit&quot;:&quot;%&quot;,&quot;size&quot;:&quot;&quot;,&quot;sizes&quot;:{&quot;start&quot;:20,&quot;end&quot;:80}}}\">\n\t\t\t\t\t<div class=\"e-con-inner\">\n\t\t\t\t<div class=\"elementor-element elementor-element-1c4acbb elementor-widget elementor-widget-heading\" data-id=\"1c4acbb\" data-element_type=\"widget\" data-widget_type=\"heading.default\">\n\t\t\t\t\t<h2 class=\"elementor-heading-title elementor-size-default\">Processes<\/h2>\t\t\t\t<\/div>\n\t\t\t\t\t<\/div>\n\t\t\t\t<\/div>\n\t\t<div class=\"elementor-element elementor-element-e29328d e-flex e-con-boxed lakit-col-width-auto-no e-container e-root-container elementor-top-section e-con e-parent\" data-id=\"e29328d\" data-element_type=\"container\" data-settings=\"{&quot;background_background&quot;:&quot;gradient&quot;}\">\n\t\t\t\t\t<div class=\"e-con-inner\">\n\t\t<div class=\"elementor-element elementor-element-aae4d9b e-con-full e-flex lakit-col-width-auto-no e-container e-con e-child\" data-id=\"aae4d9b\" data-element_type=\"container\" data-settings=\"{&quot;background_background&quot;:&quot;classic&quot;}\">\n\t\t\t\t<\/div>\n\t\t<div class=\"elementor-element elementor-element-53f9fc3 e-con-full e-flex lakit-col-width-auto-no e-container e-con e-child\" data-id=\"53f9fc3\" data-element_type=\"container\">\n\t\t\t\t<div class=\"elementor-element elementor-element-30017b9 text-about lakit-equal-height-disable elementor-widget lastudio-kit elementor-lakit-icon-box\" data-id=\"30017b9\" data-element_type=\"widget\" data-widget_type=\"lakit-icon-box.default\">\n\t\t\t\t\t<div class=\"lakit-iconbox lakit-iconbox__icon-align- elementor-animation-\"><div class=\"lakit-iconbox__box_body\"><div class=\"lakit-iconbox__desc\">The production processes are based on following a set of procedures, conditions, and controls, in accordance with Good Agricultural Practices (GAP), Good Manufacturing Practices (GMP), and Hazard Analysis and Critical Control Points (HACCP).<\/div><div class=\"lakit-iconbox__button_wrapper disable_hover_button\"><a href=\"#\" class=\"elementor-button-link elementor-button elementor-btn-align-icon-\"><span class=\"elementor-button-content-wrapper\"><span class=\"elementor-button-text\"><\/span><\/span><\/a><\/div><\/div><\/div>\t\t\t\t<\/div>\n\t\t\t\t<\/div>\n\t\t\t\t\t<\/div>\n\t\t\t\t<\/div>\n\t\t<div class=\"elementor-element elementor-element-e07bdcd e-flex e-con-boxed lakit-col-width-auto-no e-container e-root-container elementor-top-section e-con e-parent\" data-id=\"e07bdcd\" data-element_type=\"container\" data-settings=\"{&quot;background_background&quot;:&quot;gradient&quot;}\">\n\t\t\t\t\t<div class=\"e-con-inner\">\n\t\t<div class=\"elementor-element elementor-element-189d0c8 e-con-full e-flex lakit-col-width-auto-no e-container e-con e-child\" data-id=\"189d0c8\" data-element_type=\"container\" data-settings=\"{&quot;background_background&quot;:&quot;classic&quot;}\">\n\t\t\t\t<\/div>\n\t\t<div class=\"elementor-element elementor-element-31da9b9 e-con-full e-flex lakit-col-width-auto-no e-container e-con e-child\" data-id=\"31da9b9\" data-element_type=\"container\">\n\t\t\t\t<div class=\"elementor-element elementor-element-e4b3339 text-about lakit-equal-height-disable elementor-widget lastudio-kit elementor-lakit-icon-box\" data-id=\"e4b3339\" data-element_type=\"widget\" data-widget_type=\"lakit-icon-box.default\">\n\t\t\t\t\t<div class=\"lakit-iconbox lakit-iconbox__icon-align- elementor-animation-\"><div class=\"lakit-iconbox__box_body\"><div class=\"lakit-iconbox__desc\"><p>Sanitation Standard Operating Procedures (SSOP) and Traceability Procedures, aimed at preserving Food Safety, which is an essential attribute to ensure the safety of food and to meet market demands.<\/p><\/div><div class=\"lakit-iconbox__button_wrapper disable_hover_button\"><a href=\"#\" class=\"elementor-button-link elementor-button elementor-btn-align-icon-\"><span class=\"elementor-button-content-wrapper\"><span class=\"elementor-button-text\"><\/span><\/span><\/a><\/div><\/div><\/div>\t\t\t\t<\/div>\n\t\t\t\t<\/div>\n\t\t\t\t\t<\/div>\n\t\t\t\t<\/div>\n\t\t\t\t<\/div>","protected":false},"excerpt":{"rendered":"<p>Procesos Los procesos productivos est\u00e1n basados en seguir un conjunto de procedimientos, condiciones y controles, en referencia las Buenas Pr\u00e1cticas Agr\u00edcolas (BPA), Buenas Pr\u00e1cticas de Manufactura (BPM), An\u00e1lisis de Peligros y Puntos Cr\u00edticos de Control (HACCP). Procedimientos Operativos Estandarizados de Saneamiento (POES), y Procedimiento de Trazabilidad; con el objeto de preservar&hellip;<\/p>","protected":false},"author":1,"featured_media":0,"parent":0,"menu_order":0,"comment_status":"closed","ping_status":"closed","template":"","meta":{"footnotes":""},"class_list":["post-2512","page","type-page","status-publish","hentry"],"_links":{"self":[{"href":"https:\/\/agrocostaperu.com\/en\/wp-json\/wp\/v2\/pages\/2512","targetHints":{"allow":["GET"]}}],"collection":[{"href":"https:\/\/agrocostaperu.com\/en\/wp-json\/wp\/v2\/pages"}],"about":[{"href":"https:\/\/agrocostaperu.com\/en\/wp-json\/wp\/v2\/types\/page"}],"author":[{"embeddable":true,"href":"https:\/\/agrocostaperu.com\/en\/wp-json\/wp\/v2\/users\/1"}],"replies":[{"embeddable":true,"href":"https:\/\/agrocostaperu.com\/en\/wp-json\/wp\/v2\/comments?post=2512"}],"version-history":[{"count":7,"href":"https:\/\/agrocostaperu.com\/en\/wp-json\/wp\/v2\/pages\/2512\/revisions"}],"predecessor-version":[{"id":2641,"href":"https:\/\/agrocostaperu.com\/en\/wp-json\/wp\/v2\/pages\/2512\/revisions\/2641"}],"wp:attachment":[{"href":"https:\/\/agrocostaperu.com\/en\/wp-json\/wp\/v2\/media?parent=2512"}],"curies":[{"name":"wp","href":"https:\/\/api.w.org\/{rel}","templated":true}]}}